{"id":14,"date":"2025-04-29T20:52:25","date_gmt":"2025-04-29T20:52:25","guid":{"rendered":"https:\/\/marex.cc\/?page_id=14"},"modified":"2025-11-21T21:07:26","modified_gmt":"2025-11-21T21:07:26","slug":"servicios","status":"publish","type":"page","link":"https:\/\/marex.cc\/index.php\/servicios\/","title":{"rendered":"Servicios"},"content":{"rendered":"<p>[et_pb_section fb_built=\u00bb1&#8243; fullwidth=\u00bbon\u00bb _builder_version=\u00bb4.18.0&#8243; _module_preset=\u00bbdefault\u00bb hover_enabled=\u00bb0&#8243; global_colors_info=\u00bb{}\u00bb sticky_enabled=\u00bb0&#8243;][et_pb_fullwidth_image src=\u00bbhttps:\/\/marex.cc\/wp-content\/uploads\/2025\/11\/pp1-scaled.jpg\u00bb title_text=\u00bbpp1&#8243; _builder_version=\u00bb4.18.0&#8243; _module_preset=\u00bbdefault\u00bb animation_style=\u00bbfold\u00bb hover_enabled=\u00bb0&#8243; global_colors_info=\u00bb{}\u00bb sticky_enabled=\u00bb0&#8243;][\/et_pb_fullwidth_image][\/et_pb_section][et_pb_section fb_built=\u00bb1&#8243; _builder_version=\u00bb4.18.0&#8243; _module_preset=\u00bbdefault\u00bb background_enable_color=\u00bboff\u00bb top_divider_style=\u00bbasymmetric2&#8243; top_divider_color=\u00bb#00457A\u00bb bottom_divider_style=\u00bbmountains2&#8243; bottom_divider_color=\u00bb#D6D6D6&#8243; animation_style=\u00bbfade\u00bb animation_duration=\u00bb800ms\u00bb global_colors_info=\u00bb{}\u00bb][et_pb_row _builder_version=\u00bb4.18.0&#8243; _module_preset=\u00bbdefault\u00bb][et_pb_column _builder_version=\u00bb4.18.0&#8243; _module_preset=\u00bbdefault\u00bb type=\u00bb4_4&#8243;][et_pb_text _builder_version=\u00bb4.18.0&#8243; _module_preset=\u00bbdefault\u00bb text_font_size=\u00bb20px\u00bb hover_enabled=\u00bb0&#8243; sticky_enabled=\u00bb0&#8243; text_line_height=\u00bb1.3em\u00bb animation_style=\u00bbflip\u00bb]<\/p>\n<h1><strong>Importaci\u00f3n<\/strong><\/h1>\n<p>Gestionamos el proceso completo de importaci\u00f3n: coordinaci\u00f3n desde el origen, tr\u00e1mites aduaneros, transporte terrestre y mar\u00edtimo, entrega en destino y apoyo post-importaci\u00f3n. Ideal para empresas que necesitan entrar al mercado guatemalteco o regional sin complicaciones log\u00edsticas.<\/p>\n<p>[\/et_pb_text][\/et_pb_column][\/et_pb_row][\/et_pb_section][et_pb_section fb_built=\u00bb1&#8243; fullwidth=\u00bbon\u00bb _builder_version=\u00bb4.18.0&#8243; _module_preset=\u00bbdefault\u00bb global_colors_info=\u00bb{}\u00bb][et_pb_fullwidth_image src=\u00bbhttps:\/\/marex.cc\/wp-content\/uploads\/2025\/11\/s2-scaled.jpg\u00bb title_text=\u00bbs2&#8243; _builder_version=\u00bb4.18.0&#8243; _module_preset=\u00bbdefault\u00bb animation_style=\u00bbfold\u00bb hover_enabled=\u00bb0&#8243; global_colors_info=\u00bb{}\u00bb sticky_enabled=\u00bb0&#8243;][\/et_pb_fullwidth_image][\/et_pb_section][et_pb_section fb_built=\u00bb1&#8243; _builder_version=\u00bb4.18.0&#8243; _module_preset=\u00bbdefault\u00bb bottom_divider_style=\u00bbcurve2&#8243; bottom_divider_color=\u00bb#D6D6D6&#8243; animation_style=\u00bbfade\u00bb animation_duration=\u00bb800ms\u00bb global_colors_info=\u00bb{}\u00bb][et_pb_row _builder_version=\u00bb4.18.0&#8243; _module_preset=\u00bbdefault\u00bb hover_enabled=\u00bb0&#8243; global_colors_info=\u00bb{}\u00bb sticky_enabled=\u00bb0&#8243;][et_pb_column type=\u00bb4_4&#8243; _builder_version=\u00bb4.18.0&#8243; _module_preset=\u00bbdefault\u00bb global_colors_info=\u00bb{}\u00bb][et_pb_text _builder_version=\u00bb4.18.0&#8243; _module_preset=\u00bbdefault\u00bb hover_enabled=\u00bb0&#8243; global_colors_info=\u00bb{}\u00bb text_font_size=\u00bb20px\u00bb sticky_enabled=\u00bb0&#8243; text_line_height=\u00bb1.3em\u00bb animation_style=\u00bbflip\u00bb]<\/p>\n<h1><strong>Exportaci\u00f3n<\/strong><\/h1>\n<p>Facilitamos la salida de mercanc\u00edas desde Guatemala hacia destinos internacionales: asesor\u00eda en embalaje, consolidaci\u00f3n, documentaci\u00f3n exportadora, transporte, monitoreo y entrega final. Nuestro equipo se asegura de que tu carga cumpla con requisitos regulatorios y llegue a tiempo.<\/p>\n<p>[\/et_pb_text][\/et_pb_column][\/et_pb_row][\/et_pb_section][et_pb_section fb_built=\u00bb1&#8243; fullwidth=\u00bbon\u00bb _builder_version=\u00bb4.18.0&#8243; _module_preset=\u00bbdefault\u00bb global_colors_info=\u00bb{}\u00bb][et_pb_fullwidth_image src=\u00bbhttps:\/\/marex.cc\/wp-content\/uploads\/2025\/11\/s3-scaled.jpg\u00bb title_text=\u00bbs3&#8243; _builder_version=\u00bb4.18.0&#8243; _module_preset=\u00bbdefault\u00bb animation_style=\u00bbfold\u00bb hover_enabled=\u00bb0&#8243; global_colors_info=\u00bb{}\u00bb sticky_enabled=\u00bb0&#8243;][\/et_pb_fullwidth_image][\/et_pb_section][et_pb_section fb_built=\u00bb1&#8243; _builder_version=\u00bb4.18.0&#8243; _module_preset=\u00bbdefault\u00bb bottom_divider_style=\u00bbcurve2&#8243; bottom_divider_color=\u00bb#D6D6D6&#8243; animation_style=\u00bbfade\u00bb animation_duration=\u00bb800ms\u00bb global_colors_info=\u00bb{}\u00bb][et_pb_row _builder_version=\u00bb4.18.0&#8243; _module_preset=\u00bbdefault\u00bb hover_enabled=\u00bb0&#8243; global_colors_info=\u00bb{}\u00bb sticky_enabled=\u00bb0&#8243;][et_pb_column type=\u00bb4_4&#8243; _builder_version=\u00bb4.18.0&#8243; _module_preset=\u00bbdefault\u00bb global_colors_info=\u00bb{}\u00bb][et_pb_text _builder_version=\u00bb4.18.0&#8243; _module_preset=\u00bbdefault\u00bb hover_enabled=\u00bb0&#8243; global_colors_info=\u00bb{}\u00bb text_font_size=\u00bb20px\u00bb sticky_enabled=\u00bb0&#8243; text_line_height=\u00bb1.3em\u00bb animation_style=\u00bbflip\u00bb]<\/p>\n<h1><strong>Almacenaje y Dep\u00f3sito de Contenedores<\/strong><\/h1>\n<p>Contamos con infraestructura moderna para dep\u00f3sito, consolidaci\u00f3n y desconsolidaci\u00f3n de contenedores, as\u00ed como almacenamiento intermedio para cargas de exportaci\u00f3n e importaci\u00f3n. <span>Esto te permite optimizar inventarios y costos log\u00edsticos.<\/span><\/p>\n<p>[\/et_pb_text][\/et_pb_column][\/et_pb_row][\/et_pb_section][et_pb_section fb_built=\u00bb1&#8243; fullwidth=\u00bbon\u00bb _builder_version=\u00bb4.18.0&#8243; _module_preset=\u00bbdefault\u00bb global_colors_info=\u00bb{}\u00bb][et_pb_fullwidth_image src=\u00bbhttps:\/\/marex.cc\/wp-content\/uploads\/2025\/05\/services4-scaled.jpg\u00bb title_text=\u00bbservices4&#8243; _builder_version=\u00bb4.18.0&#8243; _module_preset=\u00bbdefault\u00bb animation_style=\u00bbfold\u00bb global_colors_info=\u00bb{}\u00bb][\/et_pb_fullwidth_image][\/et_pb_section][et_pb_section fb_built=\u00bb1&#8243; _builder_version=\u00bb4.18.0&#8243; _module_preset=\u00bbdefault\u00bb bottom_divider_style=\u00bbcurve2&#8243; bottom_divider_color=\u00bb#D6D6D6&#8243; animation_style=\u00bbfade\u00bb animation_duration=\u00bb800ms\u00bb global_colors_info=\u00bb{}\u00bb][et_pb_row _builder_version=\u00bb4.18.0&#8243; _module_preset=\u00bbdefault\u00bb global_colors_info=\u00bb{}\u00bb][et_pb_column type=\u00bb4_4&#8243; _builder_version=\u00bb4.18.0&#8243; _module_preset=\u00bbdefault\u00bb global_colors_info=\u00bb{}\u00bb][et_pb_text _builder_version=\u00bb4.18.0&#8243; _module_preset=\u00bbdefault\u00bb hover_enabled=\u00bb0&#8243; global_colors_info=\u00bb{}\u00bb text_font_size=\u00bb20px\u00bb sticky_enabled=\u00bb0&#8243; text_line_height=\u00bb1.3em\u00bb animation_style=\u00bbflip\u00bb]<\/p>\n<h1><strong><span>Gesti\u00f3n Aduanera Integral<\/span><\/strong><\/h1>\n<p><span>Asesor\u00eda y gesti\u00f3n completa de tr\u00e1mites aduaneros para importaci\u00f3n, exportaci\u00f3n y tr\u00e1nsito internacional, garantizando cumplimiento normativo y agilidad operativa.<\/span><\/p>\n<p>[\/et_pb_text][et_pb_text _builder_version=\u00bb4.18.0&#8243; _module_preset=\u00bbdefault\u00bb hover_enabled=\u00bb0&#8243; global_colors_info=\u00bb{}\u00bb text_font_size=\u00bb20px\u00bb sticky_enabled=\u00bb0&#8243; text_line_height=\u00bb1.3em\u00bb animation_style=\u00bbflip\u00bb]<\/p>\n<p><strong><span>Qu\u00e9 ofrecemos:<\/span><\/strong><\/p>\n<ul>\n<li>Asesor\u00eda en clasificaci\u00f3n y valoraci\u00f3n aduanera.<\/li>\n<li>Preparaci\u00f3n y validaci\u00f3n de documentos de importaci\u00f3n\/exportaci\u00f3n.<\/li>\n<li>Coordinaci\u00f3n de despachos mar\u00edtimos, a\u00e9reos y terrestres.<\/li>\n<li>Tramitaci\u00f3n de reg\u00edmenes temporales, reexportaciones y zonas francas.<\/li>\n<li>Representaci\u00f3n ante SAT y entidades portuarias.<\/li>\n<li>Monitoreo de liberaci\u00f3n en tiempo real a trav\u00e9s de nuestra plataforma <strong>MAREX GO<\/strong>.<\/li>\n<\/ul>\n<p>[\/et_pb_text][et_pb_text _builder_version=\u00bb4.18.0&#8243; _module_preset=\u00bbdefault\u00bb hover_enabled=\u00bb0&#8243; global_colors_info=\u00bb{}\u00bb text_font_size=\u00bb20px\u00bb sticky_enabled=\u00bb0&#8243; text_line_height=\u00bb1.3em\u00bb animation_style=\u00bbflip\u00bb]<\/p>\n<p><strong><span>Beneficios para el cliente:<\/span><\/strong><\/p>\n<ul>\n<li>Reducci\u00f3n de tiempos de liberaci\u00f3n y costos asociados.<\/li>\n<li>Cumplimiento legal y documental garantizado.<\/li>\n<li>Integraci\u00f3n total con el flujo de transporte, almacenaje y courier.<\/li>\n<li>Soporte experto con atenci\u00f3n 24\/7 para cargas urgentes o retenidas.<\/li>\n<\/ul>\n<p>[\/et_pb_text][\/et_pb_column][\/et_pb_row][\/et_pb_section][et_pb_section fb_built=\u00bb1&#8243; fullwidth=\u00bbon\u00bb _builder_version=\u00bb4.18.0&#8243; _module_preset=\u00bbdefault\u00bb global_colors_info=\u00bb{}\u00bb][et_pb_fullwidth_image src=\u00bbhttps:\/\/marex.cc\/wp-content\/uploads\/2025\/11\/s7-scaled.jpg\u00bb title_text=\u00bbs7&#8243; _builder_version=\u00bb4.18.0&#8243; _module_preset=\u00bbdefault\u00bb animation_style=\u00bbfold\u00bb hover_enabled=\u00bb0&#8243; global_colors_info=\u00bb{}\u00bb sticky_enabled=\u00bb0&#8243;][\/et_pb_fullwidth_image][\/et_pb_section][et_pb_section fb_built=\u00bb1&#8243; _builder_version=\u00bb4.18.0&#8243; _module_preset=\u00bbdefault\u00bb animation_style=\u00bbfade\u00bb animation_duration=\u00bb800ms\u00bb global_colors_info=\u00bb{}\u00bb][et_pb_row _builder_version=\u00bb4.18.0&#8243; _module_preset=\u00bbdefault\u00bb][et_pb_column _builder_version=\u00bb4.18.0&#8243; _module_preset=\u00bbdefault\u00bb type=\u00bb4_4&#8243;][et_pb_text _builder_version=\u00bb4.18.0&#8243; _module_preset=\u00bbdefault\u00bb text_font_size=\u00bb20px\u00bb hover_enabled=\u00bb0&#8243; sticky_enabled=\u00bb0&#8243; animation_style=\u00bbflip\u00bb]<\/p>\n<h1>Otros servicios<\/h1>\n<p>&nbsp;<\/p>\n<p>[\/et_pb_text][et_pb_text _builder_version=\u00bb4.18.0&#8243; _module_preset=\u00bbdefault\u00bb text_font_size=\u00bb20px\u00bb hover_enabled=\u00bb0&#8243; sticky_enabled=\u00bb0&#8243; animation_style=\u00bbflip\u00bb]<\/p>\n<h2><strong>\u00daltima Milla \/ Paqueter\u00eda<\/strong><\/h2>\n<p>Con nuestra red de distribuci\u00f3n propia, ofrecemos entrega eficiente desde terminal hasta cliente final, tanto para comercio electr\u00f3nico como para env\u00edo B2B. Rastreo en tiempo real, m\u00faltiples puntos de entrega y atenci\u00f3n personalizada.<\/p>\n<p>[\/et_pb_text][et_pb_text _builder_version=\u00bb4.18.0&#8243; _module_preset=\u00bbdefault\u00bb text_font_size=\u00bb20px\u00bb hover_enabled=\u00bb0&#8243; sticky_enabled=\u00bb0&#8243; animation_style=\u00bbflip\u00bb]<\/p>\n<h2><strong>Courier<\/strong> (nuevo)<\/h2>\n<p>Con el servicio de <strong>courier MAREX<\/strong>, cubrimos env\u00edos expr\u00e9s de paquetes ligeros, documentos y carga de menor volumen tanto a nivel nacional como internacional. Ideal para muestras, ecommerce transfronterizo, piezas de repuesto o urgencias log\u00edsticas.<\/p>\n<p><strong>Caracter\u00edsticas<\/strong>: recogida en puerta, despacho aduanero simplificado, seguimiento digital, entrega r\u00e1pida y puerta a puerta.<br \/><strong>Ventajas<\/strong>: velocidad, visibilidad y menor complejidad para cargas que no requieren contenedor completo.<\/p>\n<p>[\/et_pb_text][\/et_pb_column][\/et_pb_row][\/et_pb_section]<\/p>\n","protected":false},"excerpt":{"rendered":"<p>Importaci\u00f3n Gestionamos el proceso completo de importaci\u00f3n: coordinaci\u00f3n desde el origen, tr\u00e1mites aduaneros, transporte terrestre y mar\u00edtimo, entrega en destino y apoyo post-importaci\u00f3n. Ideal para empresas que necesitan entrar al mercado guatemalteco o regional sin complicaciones log\u00edsticas.Exportaci\u00f3n Facilitamos la salida de mercanc\u00edas desde Guatemala hacia destinos internacionales: asesor\u00eda en embalaje, consolidaci\u00f3n, documentaci\u00f3n exportadora, transporte, monitoreo [&hellip;]<\/p>\n","protected":false},"author":1,"featured_media":0,"parent":0,"menu_order":0,"comment_status":"closed","ping_status":"closed","template":"","meta":{"_et_pb_use_builder":"on","_et_pb_old_content":"<ul><li><h3><strong>Tenemos tarifas competitivas de transporte mar\u00edtimo,<\/strong><\/h3><h3><strong>cubriendo varias rutas alrededor del mundo. <\/strong><\/h3><\/li><li><h3><strong>Manejo de diferentes tipos de contenedores y mercanc\u00edas.<\/strong><\/h3><\/li><li><h3><strong>Manejo de carga completa y consolidada.<\/strong><\/h3><\/li><li><h3><strong>Representantes de propietarios de Isotanques.<\/strong><\/h3><\/li><\/ul><ul><li><h3><strong>Tenemos tarifas competitivas de transporte a\u00e9reo,<\/strong><br \/><strong>cubriendo varias rutas alrededor del mundo.<\/strong><\/h3><\/li><li><h3><strong>Manejo de diferentes tipos de mercanc\u00edas.<\/strong><\/h3><\/li><li><h3><strong>Manejo de carga seca o refrigerada.<\/strong><\/h3><\/li><\/ul><ul><li><h3><strong>Tenemos tarifas competitivas de transporte terrestre,<\/strong><br \/><strong>cubriendo varias rutas dentro y fuera del pa\u00eds.<\/strong><\/h3><\/li><li><h3><strong>Manejo de diferentes tipos de mercanc\u00edas.<\/strong><\/h3><\/li><li><h3><strong>Manejo de carga seca o refrigerada.<\/strong><\/h3><\/li><\/ul><ul><li><h3><strong>Servicios de nacionalizaci\u00f3n de mercanc\u00edas, elaboraci\u00f3n y<\/strong><br \/><strong>presentaci\u00f3n de declaraci\u00f3n aduanera.<\/strong><\/h3><\/li><li><h3><strong>Expertos en el manejo de carga bajo decreto 29-89.<\/strong><\/h3><\/li><li><h3><strong>Manejo de diferentes tipos de mercanc\u00edas.<\/strong><\/h3><\/li><li><h3><strong>Servicios de tramite aduaneros en puertos, aeropuerto y fronteras.<\/strong><\/h3><\/li><\/ul><ul><li><h3><strong>Manejo de inventario.<\/strong><\/h3><\/li><li><h3><strong>Distribuci\u00f3n de carga.<\/strong><\/h3><\/li><li><h3><strong>Almacenaje, embalaje, y despacho.<\/strong><\/h3><\/li><\/ul><p>marexgt@marex.cc<\/p>\t\t\n\t\t\t\t\t<a target=\"_blank\">\n\t\t\t\t\t\tFacebook\n\t\t\t\t\t\t<svg viewBox=\"0 0 512 512\" xmlns=\"http:\/\/www.w3.org\/2000\/svg\"><path d=\"M504 256C504 119 393 8 256 8S8 119 8 256c0 123.78 90.69 226.38 209.25 245V327.69h-63V256h63v-54.64c0-62.15 37-96.48 93.67-96.48 27.14 0 55.52 4.84 55.52 4.84v61h-31.28c-30.8 0-40.41 19.12-40.41 38.73V256h68.78l-11 71.69h-57.78V501C413.31 482.38 504 379.78 504 256z\"><\/path><\/svg>\t\t\t\t\t<\/a>\n\t\t\t\t\t<a href=\"https:\/\/www.youtube.com\" target=\"_blank\">\n\t\t\t\t\t\tYoutube\n\t\t\t\t\t\t<svg viewBox=\"0 0 576 512\" xmlns=\"http:\/\/www.w3.org\/2000\/svg\"><path d=\"M549.655 124.083c-6.281-23.65-24.787-42.276-48.284-48.597C458.781 64 288 64 288 64S117.22 64 74.629 75.486c-23.497 6.322-42.003 24.947-48.284 48.597-11.412 42.867-11.412 132.305-11.412 132.305s0 89.438 11.412 132.305c6.281 23.65 24.787 41.5 48.284 47.821C117.22 448 288 448 288 448s170.78 0 213.371-11.486c23.497-6.321 42.003-24.171 48.284-47.821 11.412-42.867 11.412-132.305 11.412-132.305s0-89.438-11.412-132.305zm-317.51 213.508V175.185l142.739 81.205-142.739 81.201z\"><\/path><\/svg>\t\t\t\t\t<\/a>\n\t\t\t\t\t<a href=\"https:\/\/web.whatsapp.com\/\" target=\"_blank\">\n\t\t\t\t\t\tWhatsapp\n\t\t\t\t\t\t<svg viewBox=\"0 0 448 512\" xmlns=\"http:\/\/www.w3.org\/2000\/svg\"><path d=\"M380.9 97.1C339 55.1 283.2 32 223.9 32c-122.4 0-222 99.6-222 222 0 39.1 10.2 77.3 29.6 111L0 480l117.7-30.9c32.4 17.7 68.9 27 106.1 27h.1c122.3 0 224.1-99.6 224.1-222 0-59.3-25.2-115-67.1-157zm-157 341.6c-33.2 0-65.7-8.9-94-25.7l-6.7-4-69.8 18.3L72 359.2l-4.4-7c-18.5-29.4-28.2-63.3-28.2-98.2 0-101.7 82.8-184.5 184.6-184.5 49.3 0 95.6 19.2 130.4 54.1 34.8 34.9 56.2 81.2 56.1 130.5 0 101.8-84.9 184.6-186.6 184.6zm101.2-138.2c-5.5-2.8-32.8-16.2-37.9-18-5.1-1.9-8.8-2.8-12.5 2.8-3.7 5.6-14.3 18-17.6 21.8-3.2 3.7-6.5 4.2-12 1.4-32.6-16.3-54-29.1-75.5-66-5.7-9.8 5.7-9.1 16.3-30.3 1.8-3.7.9-6.9-.5-9.7-1.4-2.8-12.5-30.1-17.1-41.2-4.5-10.8-9.1-9.3-12.5-9.5-3.2-.2-6.9-.2-10.6-.2-3.7 0-9.7 1.4-14.8 6.9-5.1 5.6-19.4 19-19.4 46.3 0 27.3 19.9 53.7 22.6 57.4 2.8 3.7 39.1 59.7 94.8 83.8 35.2 15.2 49 16.5 66.6 13.9 10.7-1.6 32.8-13.4 37.4-26.4 4.6-13 4.6-24.1 3.2-26.4-1.3-2.5-5-3.9-10.5-6.6z\"><\/path><\/svg>\t\t\t\t\t<\/a>\n\t\t<h6>\u00a9 Copyright todos los derechos reservados<\/h6>","_et_gb_content_width":"","footnotes":""},"class_list":["post-14","page","type-page","status-publish","hentry"],"_links":{"self":[{"href":"https:\/\/marex.cc\/index.php\/wp-json\/wp\/v2\/pages\/14","targetHints":{"allow":["GET"]}}],"collection":[{"href":"https:\/\/marex.cc\/index.php\/wp-json\/wp\/v2\/pages"}],"about":[{"href":"https:\/\/marex.cc\/index.php\/wp-json\/wp\/v2\/types\/page"}],"author":[{"embeddable":true,"href":"https:\/\/marex.cc\/index.php\/wp-json\/wp\/v2\/users\/1"}],"replies":[{"embeddable":true,"href":"https:\/\/marex.cc\/index.php\/wp-json\/wp\/v2\/comments?post=14"}],"version-history":[{"count":160,"href":"https:\/\/marex.cc\/index.php\/wp-json\/wp\/v2\/pages\/14\/revisions"}],"predecessor-version":[{"id":1312,"href":"https:\/\/marex.cc\/index.php\/wp-json\/wp\/v2\/pages\/14\/revisions\/1312"}],"wp:attachment":[{"href":"https:\/\/marex.cc\/index.php\/wp-json\/wp\/v2\/media?parent=14"}],"curies":[{"name":"wp","href":"https:\/\/api.w.org\/{rel}","templated":true}]}}