{"id":12,"date":"2025-04-29T20:52:11","date_gmt":"2025-04-29T20:52:11","guid":{"rendered":"https:\/\/marex.cc\/?page_id=12"},"modified":"2025-11-21T16:12:24","modified_gmt":"2025-11-21T16:12:24","slug":"nosotros","status":"publish","type":"page","link":"https:\/\/marex.cc\/index.php\/nosotros\/","title":{"rendered":"Nosotros"},"content":{"rendered":"<p>[et_pb_section fb_built=\u00bb1&#8243; fullwidth=\u00bbon\u00bb _builder_version=\u00bb4.18.0&#8243; _module_preset=\u00bbdefault\u00bb top_divider_style=\u00bbramp2&#8243; top_divider_color=\u00bb#FFFFFF\u00bb top_divider_height=\u00bb82px\u00bb bottom_divider_color=\u00bb#FFFFFF\u00bb animation_style=\u00bbslide\u00bb animation_duration=\u00bb800ms\u00bb global_colors_info=\u00bb{}\u00bb][et_pb_fullwidth_image src=\u00bbhttps:\/\/marex.cc\/wp-content\/uploads\/2025\/05\/nosotros-scaled.jpg\u00bb title_text=\u00bbnosotros\u00bb _builder_version=\u00bb4.18.0&#8243; _module_preset=\u00bbdefault\u00bb global_colors_info=\u00bb{}\u00bb][\/et_pb_fullwidth_image][\/et_pb_section][et_pb_section fb_built=\u00bb1&#8243; _builder_version=\u00bb4.18.0&#8243; _module_preset=\u00bbdefault\u00bb global_colors_info=\u00bb{}\u00bb][et_pb_row _builder_version=\u00bb4.18.0&#8243; _module_preset=\u00bbdefault\u00bb animation_style=\u00bbzoom\u00bb animation_duration=\u00bb800ms\u00bb animation_intensity_zoom=\u00bb59%\u00bb global_colors_info=\u00bb{}\u00bb][et_pb_column type=\u00bb4_4&#8243; _builder_version=\u00bb4.18.0&#8243; _module_preset=\u00bbdefault\u00bb global_colors_info=\u00bb{}\u00bb][et_pb_text _builder_version=\u00bb4.18.0&#8243; _module_preset=\u00bbdefault\u00bb text_font=\u00bb|700|||||||\u00bb text_text_color=\u00bbgcid-54a842cc-ad0c-4579-8987-fe7d142b9df0&#8243; text_font_size=\u00bb24px\u00bb text_line_height=\u00bb1.4em\u00bb global_colors_info=\u00bb{%22gcid-54a842cc-ad0c-4579-8987-fe7d142b9df0%22:%91%22text_text_color%22%93}\u00bb]<\/p>\n<p>MAREX naci\u00f3 en 2009 con capital 100% Guatemalteco para responder a las necesidades din\u00e1micas del comercio internacional y la log\u00edstica en Centroam\u00e9rica. Con un equipo de profesionales que combina la experiencia en transporte pesado, courier y dep\u00f3sito de contenedores, hemos creado una empresa que pone al cliente en el centro.<\/p>\n<p>[\/et_pb_text][\/et_pb_column][\/et_pb_row][et_pb_row _builder_version=\u00bb4.18.0&#8243; _module_preset=\u00bbdefault\u00bb animation_style=\u00bbzoom\u00bb animation_duration=\u00bb800ms\u00bb animation_intensity_zoom=\u00bb59%\u00bb global_colors_info=\u00bb{}\u00bb][et_pb_column type=\u00bb4_4&#8243; _builder_version=\u00bb4.18.0&#8243; _module_preset=\u00bbdefault\u00bb global_colors_info=\u00bb{}\u00bb][et_pb_text _builder_version=\u00bb4.18.0&#8243; _module_preset=\u00bbdefault\u00bb text_font=\u00bb|300|||||||\u00bb text_text_color=\u00bbgcid-54a842cc-ad0c-4579-8987-fe7d142b9df0&#8243; text_font_size=\u00bb24px\u00bb text_line_height=\u00bb1.4em\u00bb global_colors_info=\u00bb{%22gcid-54a842cc-ad0c-4579-8987-fe7d142b9df0%22:%91%22text_text_color%22%93}\u00bb]<\/p>\n<p><strong>Misi\u00f3n<\/strong>: Facilitar los flujos de importaci\u00f3n, exportaci\u00f3n y entrega final con m\u00e1xima eficiencia, visibilidad y servicio al cliente.<\/p>\n<p>[\/et_pb_text][\/et_pb_column][\/et_pb_row][et_pb_row _builder_version=\u00bb4.18.0&#8243; _module_preset=\u00bbdefault\u00bb animation_style=\u00bbzoom\u00bb animation_duration=\u00bb800ms\u00bb animation_intensity_zoom=\u00bb59%\u00bb global_colors_info=\u00bb{}\u00bb][et_pb_column type=\u00bb4_4&#8243; _builder_version=\u00bb4.18.0&#8243; _module_preset=\u00bbdefault\u00bb global_colors_info=\u00bb{}\u00bb][et_pb_text _builder_version=\u00bb4.18.0&#8243; _module_preset=\u00bbdefault\u00bb text_font=\u00bb|300|||||||\u00bb text_text_color=\u00bbgcid-54a842cc-ad0c-4579-8987-fe7d142b9df0&#8243; text_font_size=\u00bb24px\u00bb text_line_height=\u00bb1.4em\u00bb global_colors_info=\u00bb{%22gcid-54a842cc-ad0c-4579-8987-fe7d142b9df0%22:%91%22text_text_color%22%93}\u00bb]<\/p>\n<p><strong><em>Visi\u00f3n<\/em><\/strong><strong>:<\/strong> Ser el aliado log\u00edstico l\u00edder en la regi\u00f3n para empresas que demandan soluciones integradas, tecnolog\u00eda de punta y compromiso con los resultados.<\/p>\n<p>[\/et_pb_text][et_pb_text _builder_version=\u00bb4.18.0&#8243; _module_preset=\u00bbdefault\u00bb text_font=\u00bb|300|||||||\u00bb text_text_color=\u00bbgcid-54a842cc-ad0c-4579-8987-fe7d142b9df0&#8243; text_font_size=\u00bb24px\u00bb text_line_height=\u00bb1.4em\u00bb animation_style=\u00bbslide\u00bb hover_enabled=\u00bb0&#8243; global_colors_info=\u00bb{%22gcid-54a842cc-ad0c-4579-8987-fe7d142b9df0%22:%91%22text_text_color%22%93}\u00bb sticky_enabled=\u00bb0&#8243;]<\/p>\n<p><strong><em>Valores<\/em><\/strong><\/p>\n<p>Orden.<\/p>\n<p>Integridad.<\/p>\n<p>Transparencia.<\/p>\n<p>Agilidad.<\/p>\n<p><span>satisfacci\u00f3n del cliente.<\/span><\/p>\n<p>[\/et_pb_text][\/et_pb_column][\/et_pb_row][et_pb_row _builder_version=\u00bb4.18.0&#8243; _module_preset=\u00bbdefault\u00bb animation_style=\u00bbzoom\u00bb animation_duration=\u00bb800ms\u00bb animation_intensity_zoom=\u00bb59%\u00bb global_colors_info=\u00bb{}\u00bb][et_pb_column type=\u00bb4_4&#8243; _builder_version=\u00bb4.18.0&#8243; _module_preset=\u00bbdefault\u00bb global_colors_info=\u00bb{}\u00bb][et_pb_text _builder_version=\u00bb4.18.0&#8243; _module_preset=\u00bbdefault\u00bb text_font=\u00bb|700|||||||\u00bb text_text_color=\u00bbgcid-6078080e-dd51-4d14-89ca-73f3b963b9f1&#8243; text_font_size=\u00bb24px\u00bb text_line_height=\u00bb1.4em\u00bb global_colors_info=\u00bb{%22gcid-6078080e-dd51-4d14-89ca-73f3b963b9f1%22:%91%22text_text_color%22%93}\u00bb]<\/p>\n<p><span>SOMOS UN EQUIPO EFICIENTE CON ACTITUD DE SERVICIO<\/span><\/p>\n<p>[\/et_pb_text][\/et_pb_column][\/et_pb_row][\/et_pb_section]<\/p>\n","protected":false},"excerpt":{"rendered":"<p>MAREX naci\u00f3 en 2009 con capital 100% Guatemalteco para responder a las necesidades din\u00e1micas del comercio internacional y la log\u00edstica en Centroam\u00e9rica. Con un equipo de profesionales que combina la experiencia en transporte pesado, courier y dep\u00f3sito de contenedores, hemos creado una empresa que pone al cliente en el centro.Misi\u00f3n: Facilitar los flujos de importaci\u00f3n, [&hellip;]<\/p>\n","protected":false},"author":1,"featured_media":0,"parent":0,"menu_order":0,"comment_status":"closed","ping_status":"closed","template":"","meta":{"_et_pb_use_builder":"on","_et_pb_old_content":"<h5><strong>En 2009 nace Mar\u00edtima Express (MAREX) con capital 100%<\/strong><br \/><strong>guatemalteco en respuesta a la creciente importancia de las<\/strong><br \/><strong>importaciones y exportaciones en el pa\u00eds, ofreciendo servicios que<\/strong><br \/><strong>cubran y cumplan con las necesidades de la cadena log\u00edstica.<\/strong><\/h5><h2><strong>SOMOS UN EQUIPO EFICIENTE CON ACTITUD DE SERVICIO <\/strong><\/h2><p>marexgt@marex.cc<\/p>\t\t\n\t\t\t\t\t<a target=\"_blank\">\n\t\t\t\t\t\tFacebook\n\t\t\t\t\t\t<svg viewBox=\"0 0 512 512\" xmlns=\"http:\/\/www.w3.org\/2000\/svg\"><path d=\"M504 256C504 119 393 8 256 8S8 119 8 256c0 123.78 90.69 226.38 209.25 245V327.69h-63V256h63v-54.64c0-62.15 37-96.48 93.67-96.48 27.14 0 55.52 4.84 55.52 4.84v61h-31.28c-30.8 0-40.41 19.12-40.41 38.73V256h68.78l-11 71.69h-57.78V501C413.31 482.38 504 379.78 504 256z\"><\/path><\/svg>\t\t\t\t\t<\/a>\n\t\t\t\t\t<a href=\"https:\/\/www.youtube.com\" target=\"_blank\">\n\t\t\t\t\t\tYoutube\n\t\t\t\t\t\t<svg viewBox=\"0 0 576 512\" xmlns=\"http:\/\/www.w3.org\/2000\/svg\"><path d=\"M549.655 124.083c-6.281-23.65-24.787-42.276-48.284-48.597C458.781 64 288 64 288 64S117.22 64 74.629 75.486c-23.497 6.322-42.003 24.947-48.284 48.597-11.412 42.867-11.412 132.305-11.412 132.305s0 89.438 11.412 132.305c6.281 23.65 24.787 41.5 48.284 47.821C117.22 448 288 448 288 448s170.78 0 213.371-11.486c23.497-6.321 42.003-24.171 48.284-47.821 11.412-42.867 11.412-132.305 11.412-132.305s0-89.438-11.412-132.305zm-317.51 213.508V175.185l142.739 81.205-142.739 81.201z\"><\/path><\/svg>\t\t\t\t\t<\/a>\n\t\t\t\t\t<a href=\"https:\/\/web.whatsapp.com\/\" target=\"_blank\">\n\t\t\t\t\t\tWhatsapp\n\t\t\t\t\t\t<svg viewBox=\"0 0 448 512\" xmlns=\"http:\/\/www.w3.org\/2000\/svg\"><path d=\"M380.9 97.1C339 55.1 283.2 32 223.9 32c-122.4 0-222 99.6-222 222 0 39.1 10.2 77.3 29.6 111L0 480l117.7-30.9c32.4 17.7 68.9 27 106.1 27h.1c122.3 0 224.1-99.6 224.1-222 0-59.3-25.2-115-67.1-157zm-157 341.6c-33.2 0-65.7-8.9-94-25.7l-6.7-4-69.8 18.3L72 359.2l-4.4-7c-18.5-29.4-28.2-63.3-28.2-98.2 0-101.7 82.8-184.5 184.6-184.5 49.3 0 95.6 19.2 130.4 54.1 34.8 34.9 56.2 81.2 56.1 130.5 0 101.8-84.9 184.6-186.6 184.6zm101.2-138.2c-5.5-2.8-32.8-16.2-37.9-18-5.1-1.9-8.8-2.8-12.5 2.8-3.7 5.6-14.3 18-17.6 21.8-3.2 3.7-6.5 4.2-12 1.4-32.6-16.3-54-29.1-75.5-66-5.7-9.8 5.7-9.1 16.3-30.3 1.8-3.7.9-6.9-.5-9.7-1.4-2.8-12.5-30.1-17.1-41.2-4.5-10.8-9.1-9.3-12.5-9.5-3.2-.2-6.9-.2-10.6-.2-3.7 0-9.7 1.4-14.8 6.9-5.1 5.6-19.4 19-19.4 46.3 0 27.3 19.9 53.7 22.6 57.4 2.8 3.7 39.1 59.7 94.8 83.8 35.2 15.2 49 16.5 66.6 13.9 10.7-1.6 32.8-13.4 37.4-26.4 4.6-13 4.6-24.1 3.2-26.4-1.3-2.5-5-3.9-10.5-6.6z\"><\/path><\/svg>\t\t\t\t\t<\/a>\n\t\t<h6>\u00a9 Copyright todos los derechos reservados<\/h6>","_et_gb_content_width":"","footnotes":""},"class_list":["post-12","page","type-page","status-publish","hentry"],"_links":{"self":[{"href":"https:\/\/marex.cc\/index.php\/wp-json\/wp\/v2\/pages\/12","targetHints":{"allow":["GET"]}}],"collection":[{"href":"https:\/\/marex.cc\/index.php\/wp-json\/wp\/v2\/pages"}],"about":[{"href":"https:\/\/marex.cc\/index.php\/wp-json\/wp\/v2\/types\/page"}],"author":[{"embeddable":true,"href":"https:\/\/marex.cc\/index.php\/wp-json\/wp\/v2\/users\/1"}],"replies":[{"embeddable":true,"href":"https:\/\/marex.cc\/index.php\/wp-json\/wp\/v2\/comments?post=12"}],"version-history":[{"count":75,"href":"https:\/\/marex.cc\/index.php\/wp-json\/wp\/v2\/pages\/12\/revisions"}],"predecessor-version":[{"id":1290,"href":"https:\/\/marex.cc\/index.php\/wp-json\/wp\/v2\/pages\/12\/revisions\/1290"}],"wp:attachment":[{"href":"https:\/\/marex.cc\/index.php\/wp-json\/wp\/v2\/media?parent=12"}],"curies":[{"name":"wp","href":"https:\/\/api.w.org\/{rel}","templated":true}]}}